{"id":20,"date":"2025-09-04T00:54:43","date_gmt":"2025-09-04T00:54:43","guid":{"rendered":"https:\/\/inflorum.com\/?page_id=20"},"modified":"2025-09-19T22:00:12","modified_gmt":"2025-09-19T22:00:12","slug":"quienes-somos","status":"publish","type":"page","link":"https:\/\/inflorum.com\/index.php\/quienes-somos\/","title":{"rendered":"Qui\u00e9nes somos"},"content":{"rendered":"\t\t<div data-elementor-type=\"wp-page\" data-elementor-id=\"20\" class=\"elementor elementor-20\">\n\t\t\t\t\t\t<section class=\"elementor-section elementor-top-section elementor-element elementor-element-ff88071 elementor-section-boxed elementor-section-height-default elementor-section-height-default\" data-id=\"ff88071\" data-element_type=\"section\">\n\t\t\t\t\t\t<div class=\"elementor-container elementor-column-gap-default\">\n\t\t\t\t\t<div class=\"elementor-column elementor-col-100 elementor-top-column elementor-element elementor-element-935018d\" data-id=\"935018d\" data-element_type=\"column\">\n\t\t\t<div class=\"elementor-widget-wrap elementor-element-populated\">\n\t\t\t\t\t\t<div class=\"elementor-element elementor-element-78241d5 elementor-widget elementor-widget-heading\" data-id=\"78241d5\" data-element_type=\"widget\" data-widget_type=\"heading.default\">\n\t\t\t\t\t<h2 class=\"elementor-heading-title elementor-size-default\">\u00bfQui\u00e9nes somos?<\/h2>\t\t\t\t<\/div>\n\t\t\t\t\t<\/div>\n\t\t<\/div>\n\t\t\t\t\t<\/div>\n\t\t<\/section>\n\t\t\t\t<section class=\"elementor-section elementor-top-section elementor-element elementor-element-ee8528a elementor-reverse-tablet elementor-reverse-mobile elementor-section-boxed elementor-section-height-default elementor-section-height-default\" data-id=\"ee8528a\" data-element_type=\"section\">\n\t\t\t\t\t\t<div class=\"elementor-container elementor-column-gap-wide\">\n\t\t\t\t\t<div class=\"elementor-column elementor-col-50 elementor-top-column elementor-element elementor-element-74a5d81\" data-id=\"74a5d81\" data-element_type=\"column\">\n\t\t\t<div class=\"elementor-widget-wrap elementor-element-populated\">\n\t\t\t\t\t\t<div class=\"elementor-element elementor-element-e372568 elementor-widget elementor-widget-image\" data-id=\"e372568\" data-element_type=\"widget\" data-widget_type=\"image.default\">\n\t\t\t\t\t\t\t\t\t\t\t\t\t\t\t<img fetchpriority=\"high\" decoding=\"async\" width=\"768\" height=\"960\" src=\"https:\/\/inflorum.com\/wp-content\/uploads\/2025\/09\/descarga-768x960.jpg\" class=\"attachment-medium_large size-medium_large wp-image-1058\" alt=\"\" srcset=\"https:\/\/inflorum.com\/wp-content\/uploads\/2025\/09\/descarga-768x960.jpg 768w, https:\/\/inflorum.com\/wp-content\/uploads\/2025\/09\/descarga-240x300.jpg 240w, https:\/\/inflorum.com\/wp-content\/uploads\/2025\/09\/descarga-819x1024.jpg 819w, https:\/\/inflorum.com\/wp-content\/uploads\/2025\/09\/descarga.jpg 1080w\" sizes=\"(max-width: 768px) 100vw, 768px\" \/>\t\t\t\t\t\t\t\t\t\t\t\t\t\t\t<\/div>\n\t\t\t\t\t<\/div>\n\t\t<\/div>\n\t\t\t\t<div class=\"elementor-column elementor-col-50 elementor-top-column elementor-element elementor-element-ab4915d\" data-id=\"ab4915d\" data-element_type=\"column\">\n\t\t\t<div class=\"elementor-widget-wrap elementor-element-populated\">\n\t\t\t\t\t\t<div class=\"elementor-element elementor-element-811a4c4 elementor-widget elementor-widget-text-editor\" data-id=\"811a4c4\" data-element_type=\"widget\" data-widget_type=\"text-editor.default\">\n\t\t\t\t\t\t\t\t\t<p>En In Florum \u2013que en lat\u00edn significa \u201centre flores\u201d\u2013 creemos que cada flor cuenta una historia y cada arreglo trasmite emociones \u00fanicas. Desde nuestra fundaci\u00f3n el 17 de abril de 2019, hemos florecido en la m\u00e1gica Huasteca Potosina, en Ciudad Valles, creando dise\u00f1os florales para cada ocasi\u00f3n y transformando eventos en momentos que quedar\u00e1n para siempre en la memoria.<\/p><p>Nuestro estilo de trabajo tiene un sello propio: lleno de amor, de novedades y comprometidos con sorprender. Nuestra inspiraci\u00f3n nace de formar parte de lo m\u00e1s valioso: los instantes especiales de la vida, tanto de quien entrega como de quien recibe porque sabemos que las flores hablan un lenguaje universal.<\/p><p>Trabajamos con materiales vivos, y ese es nuestro mayor reto y tambi\u00e9n nuestro mayor orgullo: transformar la naturaleza, combinarla con elementos de la vida diaria, y que el resultado derive en experiencias llenas de color y armon\u00eda que destaque en tu florero, en tu espacio personal o en tu evento.<\/p><p>M\u00e1s que una florister\u00eda, en nosotros encuentras tu lugar donde: <br \/>\u2728 Personalizamos los detalles.<br \/>\u2728 Comunicamos los sentimientos con flores.<br \/>\u2728 Acompa\u00f1amos a nuestros clientes en cada fase de su vida.<br \/>\u2728Ambientamos con flores desde bodas, XV a\u00f1os, cumplea\u00f1os, graduaciones, eventos corporativos e infantiles.<\/p><p>Somos un equipo apasionado que ve en cada creaci\u00f3n una oportunidad de tocar corazones, embellecer lugares y celebrar la vida entre flores.<\/p>\t\t\t\t\t\t\t\t<\/div>\n\t\t\t\t\t<\/div>\n\t\t<\/div>\n\t\t\t\t\t<\/div>\n\t\t<\/section>\n\t\t\t\t<section class=\"elementor-section elementor-top-section elementor-element elementor-element-07fa174 elementor-section-boxed elementor-section-height-default elementor-section-height-default\" data-id=\"07fa174\" data-element_type=\"section\">\n\t\t\t\t\t\t<div class=\"elementor-container elementor-column-gap-default\">\n\t\t\t\t\t<div class=\"elementor-column elementor-col-100 elementor-top-column elementor-element elementor-element-f0feba8\" data-id=\"f0feba8\" data-element_type=\"column\">\n\t\t\t<div class=\"elementor-widget-wrap elementor-element-populated\">\n\t\t\t\t\t\t<div class=\"elementor-element elementor-element-b48690b elementor-widget elementor-widget-html\" data-id=\"b48690b\" data-element_type=\"widget\" data-widget_type=\"html.default\">\n\t\t\t\t\t<iframe src=\"https:\/\/www.google.com\/maps\/embed?pb=!1m18!1m12!1m3!1d3699.6108817720647!2d-99.01462289999999!3d21.987892499999997!2m3!1f0!2f0!3f0!3m2!1i1024!2i768!4f13.1!3m3!1m2!1s0x85d672aaee73299f%3A0x7ab56a8cb2860227!2sIn%20Florum!5e0!3m2!1ses-419!2sar!4v1758319067895!5m2!1ses-419!2sar\" width=\"600\" height=\"450\" style=\"border:0;\" allowfullscreen=\"\" loading=\"lazy\" referrerpolicy=\"no-referrer-when-downgrade\"><\/iframe>\t\t\t\t<\/div>\n\t\t\t\t\t<\/div>\n\t\t<\/div>\n\t\t\t\t\t<\/div>\n\t\t<\/section>\n\t\t\t\t<\/div>\n\t\t","protected":false},"excerpt":{"rendered":"<p>\u00bfQui\u00e9nes somos? En In Florum \u2013que en lat\u00edn significa \u201centre flores\u201d\u2013 creemos que cada flor cuenta una historia y cada [&hellip;]<\/p>\n","protected":false},"author":1,"featured_media":0,"parent":0,"menu_order":0,"comment_status":"closed","ping_status":"closed","template":"","meta":{"site-sidebar-layout":"no-sidebar","site-content-layout":"","ast-site-content-layout":"full-width-container","site-content-style":"default","site-sidebar-style":"default","ast-global-header-display":"","ast-banner-title-visibility":"","ast-main-header-display":"","ast-hfb-above-header-display":"","ast-hfb-below-header-display":"","ast-hfb-mobile-header-display":"","site-post-title":"","ast-breadcrumbs-content":"","ast-featured-img":"disabled","footer-sml-layout":"","theme-transparent-header-meta":"","adv-header-id-meta":"","stick-header-meta":"","header-above-stick-meta":"","header-main-stick-meta":"","header-below-stick-meta":"","astra-migrate-meta-layouts":"default","ast-page-background-enabled":"default","ast-page-background-meta":{"desktop":{"background-color":"var(--ast-global-color-5)","background-image":"","background-repeat":"repeat","background-position":"center center","background-size":"auto","background-attachment":"scroll","background-type":"","background-media":"","overlay-type":"","overlay-color":"","overlay-opacity":"","overlay-gradient":""},"tablet":{"background-color":"","background-image":"","background-repeat":"repeat","background-position":"center center","background-size":"auto","background-attachment":"scroll","background-type":"","background-media":"","overlay-type":"","overlay-color":"","overlay-opacity":"","overlay-gradient":""},"mobile":{"background-color":"","background-image":"","background-repeat":"repeat","background-position":"center center","background-size":"auto","background-attachment":"scroll","background-type":"","background-media":"","overlay-type":"","overlay-color":"","overlay-opacity":"","overlay-gradient":""}},"ast-content-background-meta":{"desktop":{"background-color":"var(--ast-global-color-4)","background-image":"","background-repeat":"repeat","background-position":"center center","background-size":"auto","background-attachment":"scroll","background-type":"","background-media":"","overlay-type":"","overlay-color":"","overlay-opacity":"","overlay-gradient":""},"tablet":{"background-color":"var(--ast-global-color-4)","background-image":"","background-repeat":"repeat","background-position":"center center","background-size":"auto","background-attachment":"scroll","background-type":"","background-media":"","overlay-type":"","overlay-color":"","overlay-opacity":"","overlay-gradient":""},"mobile":{"background-color":"var(--ast-global-color-4)","background-image":"","background-repeat":"repeat","background-position":"center center","background-size":"auto","background-attachment":"scroll","background-type":"","background-media":"","overlay-type":"","overlay-color":"","overlay-opacity":"","overlay-gradient":""}},"footnotes":""},"class_list":["post-20","page","type-page","status-publish","hentry"],"yoast_head":"<!-- This site is optimized with the Yoast SEO Premium plugin v26.0 (Yoast SEO v26.9) - https:\/\/yoast.com\/product\/yoast-seo-premium-wordpress\/ -->\n<title>Qui\u00e9nes somos - In Florum<\/title>\n<meta name=\"robots\" content=\"index, follow, max-snippet:-1, max-image-preview:large, max-video-preview:-1\" \/>\n<link rel=\"canonical\" href=\"https:\/\/inflorum.com\/index.php\/quienes-somos\/\" \/>\n<meta property=\"og:locale\" content=\"es_ES\" \/>\n<meta property=\"og:type\" content=\"article\" \/>\n<meta property=\"og:title\" content=\"Qui\u00e9nes somos\" \/>\n<meta property=\"og:description\" content=\"\u00bfQui\u00e9nes somos? En In Florum \u2013que en lat\u00edn significa \u201centre flores\u201d\u2013 creemos que cada flor cuenta una historia y cada [&hellip;]\" \/>\n<meta property=\"og:url\" content=\"https:\/\/inflorum.com\/index.php\/quienes-somos\/\" \/>\n<meta property=\"og:site_name\" content=\"In Florum\" \/>\n<meta property=\"article:publisher\" content=\"https:\/\/www.facebook.com\/InFlorum?locale=es_LA\" \/>\n<meta property=\"article:modified_time\" content=\"2025-09-19T22:00:12+00:00\" \/>\n<meta property=\"og:image\" content=\"https:\/\/inflorum.com\/wp-content\/uploads\/2025\/09\/descarga.jpg\" \/>\n\t<meta property=\"og:image:width\" content=\"1080\" \/>\n\t<meta property=\"og:image:height\" content=\"1350\" \/>\n\t<meta property=\"og:image:type\" content=\"image\/jpeg\" \/>\n<meta name=\"twitter:card\" content=\"summary_large_image\" \/>\n<meta name=\"twitter:label1\" content=\"Tiempo de lectura\" \/>\n\t<meta name=\"twitter:data1\" content=\"1 minuto\" \/>\n<script type=\"application\/ld+json\" class=\"yoast-schema-graph\">{\"@context\":\"https:\/\/schema.org\",\"@graph\":[{\"@type\":\"WebPage\",\"@id\":\"https:\/\/inflorum.com\/index.php\/quienes-somos\/\",\"url\":\"https:\/\/inflorum.com\/index.php\/quienes-somos\/\",\"name\":\"Qui\u00e9nes somos - In Florum\",\"isPartOf\":{\"@id\":\"https:\/\/inflorum.com\/#website\"},\"primaryImageOfPage\":{\"@id\":\"https:\/\/inflorum.com\/index.php\/quienes-somos\/#primaryimage\"},\"image\":{\"@id\":\"https:\/\/inflorum.com\/index.php\/quienes-somos\/#primaryimage\"},\"thumbnailUrl\":\"https:\/\/inflorum.com\/wp-content\/uploads\/2025\/09\/descarga-768x960.jpg\",\"datePublished\":\"2025-09-04T00:54:43+00:00\",\"dateModified\":\"2025-09-19T22:00:12+00:00\",\"breadcrumb\":{\"@id\":\"https:\/\/inflorum.com\/index.php\/quienes-somos\/#breadcrumb\"},\"inLanguage\":\"es\",\"potentialAction\":[{\"@type\":\"ReadAction\",\"target\":[\"https:\/\/inflorum.com\/index.php\/quienes-somos\/\"]}]},{\"@type\":\"ImageObject\",\"inLanguage\":\"es\",\"@id\":\"https:\/\/inflorum.com\/index.php\/quienes-somos\/#primaryimage\",\"url\":\"https:\/\/inflorum.com\/wp-content\/uploads\/2025\/09\/descarga.jpg\",\"contentUrl\":\"https:\/\/inflorum.com\/wp-content\/uploads\/2025\/09\/descarga.jpg\",\"width\":1080,\"height\":1350},{\"@type\":\"BreadcrumbList\",\"@id\":\"https:\/\/inflorum.com\/index.php\/quienes-somos\/#breadcrumb\",\"itemListElement\":[{\"@type\":\"ListItem\",\"position\":1,\"name\":\"Portada\",\"item\":\"https:\/\/inflorum.com\/\"},{\"@type\":\"ListItem\",\"position\":2,\"name\":\"Qui\u00e9nes somos\"}]},{\"@type\":\"WebSite\",\"@id\":\"https:\/\/inflorum.com\/#website\",\"url\":\"https:\/\/inflorum.com\/\",\"name\":\"In Florum\",\"description\":\"Entre flores y eventos\",\"publisher\":{\"@id\":\"https:\/\/inflorum.com\/#organization\"},\"potentialAction\":[{\"@type\":\"SearchAction\",\"target\":{\"@type\":\"EntryPoint\",\"urlTemplate\":\"https:\/\/inflorum.com\/?s={search_term_string}\"},\"query-input\":{\"@type\":\"PropertyValueSpecification\",\"valueRequired\":true,\"valueName\":\"search_term_string\"}}],\"inLanguage\":\"es\"},{\"@type\":\"Organization\",\"@id\":\"https:\/\/inflorum.com\/#organization\",\"name\":\"In Florum\",\"url\":\"https:\/\/inflorum.com\/\",\"logo\":{\"@type\":\"ImageObject\",\"inLanguage\":\"es\",\"@id\":\"https:\/\/inflorum.com\/#\/schema\/logo\/image\/\",\"url\":\"https:\/\/inflorum.com\/wp-content\/uploads\/2025\/08\/bg-remover-1757517935661.png\",\"contentUrl\":\"https:\/\/inflorum.com\/wp-content\/uploads\/2025\/08\/bg-remover-1757517935661.png\",\"width\":1920,\"height\":1080,\"caption\":\"In Florum\"},\"image\":{\"@id\":\"https:\/\/inflorum.com\/#\/schema\/logo\/image\/\"},\"sameAs\":[\"https:\/\/www.facebook.com\/InFlorum?locale=es_LA\",\"https:\/\/www.instagram.com\/in_florum\/\",\"https:\/\/www.tiktok.com\/@in.florum\"]}]}<\/script>\n<!-- \/ Yoast SEO Premium plugin. -->","yoast_head_json":{"title":"Qui\u00e9nes somos - In Florum","robots":{"index":"index","follow":"follow","max-snippet":"max-snippet:-1","max-image-preview":"max-image-preview:large","max-video-preview":"max-video-preview:-1"},"canonical":"https:\/\/inflorum.com\/index.php\/quienes-somos\/","og_locale":"es_ES","og_type":"article","og_title":"Qui\u00e9nes somos","og_description":"\u00bfQui\u00e9nes somos? En In Florum \u2013que en lat\u00edn significa \u201centre flores\u201d\u2013 creemos que cada flor cuenta una historia y cada [&hellip;]","og_url":"https:\/\/inflorum.com\/index.php\/quienes-somos\/","og_site_name":"In Florum","article_publisher":"https:\/\/www.facebook.com\/InFlorum?locale=es_LA","article_modified_time":"2025-09-19T22:00:12+00:00","og_image":[{"width":1080,"height":1350,"url":"https:\/\/inflorum.com\/wp-content\/uploads\/2025\/09\/descarga.jpg","type":"image\/jpeg"}],"twitter_card":"summary_large_image","twitter_misc":{"Tiempo de lectura":"1 minuto"},"schema":{"@context":"https:\/\/schema.org","@graph":[{"@type":"WebPage","@id":"https:\/\/inflorum.com\/index.php\/quienes-somos\/","url":"https:\/\/inflorum.com\/index.php\/quienes-somos\/","name":"Qui\u00e9nes somos - In Florum","isPartOf":{"@id":"https:\/\/inflorum.com\/#website"},"primaryImageOfPage":{"@id":"https:\/\/inflorum.com\/index.php\/quienes-somos\/#primaryimage"},"image":{"@id":"https:\/\/inflorum.com\/index.php\/quienes-somos\/#primaryimage"},"thumbnailUrl":"https:\/\/inflorum.com\/wp-content\/uploads\/2025\/09\/descarga-768x960.jpg","datePublished":"2025-09-04T00:54:43+00:00","dateModified":"2025-09-19T22:00:12+00:00","breadcrumb":{"@id":"https:\/\/inflorum.com\/index.php\/quienes-somos\/#breadcrumb"},"inLanguage":"es","potentialAction":[{"@type":"ReadAction","target":["https:\/\/inflorum.com\/index.php\/quienes-somos\/"]}]},{"@type":"ImageObject","inLanguage":"es","@id":"https:\/\/inflorum.com\/index.php\/quienes-somos\/#primaryimage","url":"https:\/\/inflorum.com\/wp-content\/uploads\/2025\/09\/descarga.jpg","contentUrl":"https:\/\/inflorum.com\/wp-content\/uploads\/2025\/09\/descarga.jpg","width":1080,"height":1350},{"@type":"BreadcrumbList","@id":"https:\/\/inflorum.com\/index.php\/quienes-somos\/#breadcrumb","itemListElement":[{"@type":"ListItem","position":1,"name":"Portada","item":"https:\/\/inflorum.com\/"},{"@type":"ListItem","position":2,"name":"Qui\u00e9nes somos"}]},{"@type":"WebSite","@id":"https:\/\/inflorum.com\/#website","url":"https:\/\/inflorum.com\/","name":"In Florum","description":"Entre flores y eventos","publisher":{"@id":"https:\/\/inflorum.com\/#organization"},"potentialAction":[{"@type":"SearchAction","target":{"@type":"EntryPoint","urlTemplate":"https:\/\/inflorum.com\/?s={search_term_string}"},"query-input":{"@type":"PropertyValueSpecification","valueRequired":true,"valueName":"search_term_string"}}],"inLanguage":"es"},{"@type":"Organization","@id":"https:\/\/inflorum.com\/#organization","name":"In Florum","url":"https:\/\/inflorum.com\/","logo":{"@type":"ImageObject","inLanguage":"es","@id":"https:\/\/inflorum.com\/#\/schema\/logo\/image\/","url":"https:\/\/inflorum.com\/wp-content\/uploads\/2025\/08\/bg-remover-1757517935661.png","contentUrl":"https:\/\/inflorum.com\/wp-content\/uploads\/2025\/08\/bg-remover-1757517935661.png","width":1920,"height":1080,"caption":"In Florum"},"image":{"@id":"https:\/\/inflorum.com\/#\/schema\/logo\/image\/"},"sameAs":["https:\/\/www.facebook.com\/InFlorum?locale=es_LA","https:\/\/www.instagram.com\/in_florum\/","https:\/\/www.tiktok.com\/@in.florum"]}]}},"_links":{"self":[{"href":"https:\/\/inflorum.com\/index.php\/wp-json\/wp\/v2\/pages\/20","targetHints":{"allow":["GET"]}}],"collection":[{"href":"https:\/\/inflorum.com\/index.php\/wp-json\/wp\/v2\/pages"}],"about":[{"href":"https:\/\/inflorum.com\/index.php\/wp-json\/wp\/v2\/types\/page"}],"author":[{"embeddable":true,"href":"https:\/\/inflorum.com\/index.php\/wp-json\/wp\/v2\/users\/1"}],"replies":[{"embeddable":true,"href":"https:\/\/inflorum.com\/index.php\/wp-json\/wp\/v2\/comments?post=20"}],"version-history":[{"count":43,"href":"https:\/\/inflorum.com\/index.php\/wp-json\/wp\/v2\/pages\/20\/revisions"}],"predecessor-version":[{"id":1366,"href":"https:\/\/inflorum.com\/index.php\/wp-json\/wp\/v2\/pages\/20\/revisions\/1366"}],"wp:attachment":[{"href":"https:\/\/inflorum.com\/index.php\/wp-json\/wp\/v2\/media?parent=20"}],"curies":[{"name":"wp","href":"https:\/\/api.w.org\/{rel}","templated":true}]}}